{"id":2,"date":"2026-01-21T16:01:29","date_gmt":"2026-01-21T16:01:29","guid":{"rendered":"http:\/\/gitelarosedesiree.com\/?page_id=2"},"modified":"2026-01-26T16:29:42","modified_gmt":"2026-01-26T16:29:42","slug":"tarifs-services","status":"publish","type":"page","link":"https:\/\/gitelarosedesiree.com\/index.php\/tarifs-services\/","title":{"rendered":"Tarifs et services"},"content":{"rendered":"\n<h2 class=\"wp-block-heading\">Tarifs<\/h2>\n\n\n\n<p>Le tarif est de 85 euros par nuit\u00e9e.<\/p>\n\n\n\n<p>Nous demandons en p\u00e9riode de vacances scolaires des p\u00e9riodes de r\u00e9servation de 6 nuit\u00e9es minimum, 2 nuit\u00e9es minimum dans le reste de l\u2019ann\u00e9e.<\/p>\n\n\n\n<p>Pour tout s\u00e9jour, 65 euros pour le m\u00e9nage vous seront demand\u00e9s.<\/p>\n\n\n\n<p>Nous demandons 30% \u00e0 la r\u00e9servation et le reste 3 semaines avant l\u2019arriv\u00e9e.<br>En cas d\u2019annulation vous \u00eates rembours\u00e9s 15 jours avant l\u2019arriv\u00e9e pr\u00e9vue.<\/p>\n\n\n\n<p>Pour toute autre question n&#8217;h\u00e9sitez pas \u00e0 nous \u00e9crire !<\/p>\n\n\n\n<div class=\"wp-block-buttons is-content-justification-left is-layout-flex wp-container-core-buttons-is-layout-fc4fd283 wp-block-buttons-is-layout-flex\">\n<div class=\"wp-block-button\"><a class=\"wp-block-button__link wp-element-button\" href=\"http:\/\/gitelarosedesiree.com\/index.php\/reservations-et-contacts\/\">R\u00e9server<\/a><\/div>\n<\/div>\n\n\n\n<h2 class=\"wp-block-heading\">Services<\/h2>\n\n\n\n<p>Le g\u00eete La Rose-D\u00e9sir\u00e9e est un g\u00eete trois \u00e9toiles.<\/p>\n\n\n\n<p>Les draps, serviettes et torchons sont fournis.<\/p>\n\n\n\n<p>Cuisine \u00e9quip\u00e9e : lave-vaisselle, cafeti\u00e8re \u00e9lectrique (filtre), bouilloire \u00e9lectrique, four \u00e9lectrique (grand, chaleur tournante), frigo et cong\u00e9lateur, micro-onde, grille-pain.<\/p>\n\n\n\n<p>Salle de douche : douche, lavabo, machine \u00e0 laver. WC s\u00e9par\u00e9.<\/p>\n\n\n\n<p>Couchage : un grand lit (140 cm), deux petits lits, canap\u00e9-lit. Le g\u00eete est limit\u00e9 \u00e0 4 personnes, nous conseillons pour un couple seul ou avec un ou deux enfants. <\/p>\n\n\n\n<p>Parking : une place de parking gratuite est facilement accessible.<\/p>\n\n\n\n<p>Num\u00e9rique : fibre optique, wifi, t\u00e9l\u00e9viseur.<\/p>\n\n\n\n<p>Ext\u00e9rieur : Terrasse privative, table ext\u00e9rieur, chaise longue, acc\u00e8s au parc ses transats, hamacs (en saison), portique pour enfant, bancs. Acc\u00e8s au terrain de foot et \u00e0 la table de ping-pong. Nombreux chemins de randonn\u00e9es autour de la maison. Location de v\u00e9los \u00e9lectriques sur place.<\/p>\n\n\n\n<p>Animaux : les animaux sont les bienvenus mais merci de nous pr\u00e9venir en amont.<\/p>\n\n\n\n<p>Inclusivit\u00e9 : les personnes LGBT sont les bienvenues !<\/p>\n\n\n\n<h2 class=\"wp-block-heading\">Acc\u00e8s<\/h2>\n\n\n\n<p><br>La ROSE-D\u00c9SIR\u00c9E est \u00e0 1 heure de route de la gare TGV de Valence-Ville et 1 heure 15 de celle de Valence-TGV.<\/p>\n\n\n\n<p>Le hameau est situ\u00e9 \u00e0 3 kilom\u00e8tres de CHALENCON, village class\u00e9, 1 kilom\u00e8tre de SAINT-JEAN-CHAMBRE, et 10 kilom\u00e8tres de VERNOUX-en-VIVARAIS o\u00f9 sont disponibles commerces de qualit\u00e9, supermarch\u00e9 et pompes \u00e0 essences.<\/p>\n\n\n\n<p>Coordonn\u00e9es GPS : 44.89830076900004, 4.571930539171409<\/p>\n\n\n<div id=\"wpgmza_map_1\" class=\"wpgmza_map wpgmza-auto-left\" style=\"display:block;width:100%;height:500px;overflow:hidden;position:relative;\" data-map-id=\"1\" data-maps-engine=\"leaflet-zerocost\" data-build-engine=\"atlas-novus\" data-shortcode-attributes=\"{&quot;id&quot;:&quot;1&quot;,&quot;zoom&quot;:false,&quot;width&quot;:false,&quot;height&quot;:false,&quot;marker&quot;:false,&quot;classname&quot;:false}\" data-settings=\"{&quot;map_title&quot;:&quot;Localisation du G\\u00eete La Rose D\\u00e9sir\\u00e9e&quot;,&quot;map_width&quot;:&quot;100&quot;,&quot;map_height&quot;:&quot;500&quot;,&quot;map_start_lat&quot;:&quot;44.90032406506371&quot;,&quot;map_start_lng&quot;:&quot;4.569260994886419&quot;,&quot;map_start_location&quot;:&quot;45.950464398418106,-109.81550500000003&quot;,&quot;map_start_zoom&quot;:&quot;16&quot;,&quot;default_marker&quot;:&quot;&quot;,&quot;type&quot;:&quot;1&quot;,&quot;alignment&quot;:&quot;4&quot;,&quot;directions_enabled&quot;:&quot;0&quot;,&quot;styling_enabled&quot;:&quot;0&quot;,&quot;styling_json&quot;:&quot;&quot;,&quot;active&quot;:&quot;0&quot;,&quot;kml&quot;:&quot;&quot;,&quot;bicycle&quot;:&quot;0&quot;,&quot;traffic&quot;:&quot;0&quot;,&quot;dbox&quot;:&quot;0&quot;,&quot;dbox_width&quot;:&quot;&quot;,&quot;listmarkers&quot;:&quot;0&quot;,&quot;listmarkers_advanced&quot;:&quot;0&quot;,&quot;filterbycat&quot;:&quot;0&quot;,&quot;ugm_enabled&quot;:&quot;0&quot;,&quot;ugm_category_enabled&quot;:&quot;0&quot;,&quot;fusion&quot;:&quot;&quot;,&quot;map_width_type&quot;:&quot;%&quot;,&quot;map_height_type&quot;:&quot;px&quot;,&quot;mass_marker_support&quot;:&quot;0&quot;,&quot;ugm_access&quot;:&quot;0&quot;,&quot;order_markers_by&quot;:&quot;0&quot;,&quot;order_markers_choice&quot;:&quot;0&quot;,&quot;show_user_location&quot;:&quot;0&quot;,&quot;default_to&quot;:&quot;&quot;,&quot;map_type&quot;:1,&quot;sl_stroke_color&quot;:&quot;&quot;,&quot;sl_fill_color&quot;:&quot;&quot;,&quot;sl_stroke_opacity&quot;:&quot;&quot;,&quot;sl_fill_opacity&quot;:&quot;&quot;,&quot;transport_layer&quot;:false,&quot;action&quot;:&quot;wpgmza_save_map&quot;,&quot;redirect_to&quot;:&quot;\\\/wp-admin\\\/admin-post.php&quot;,&quot;map_id&quot;:&quot;1&quot;,&quot;wpgmza_savemap&quot;:&quot;Enregistrer la carte&quot;,&quot;http_referer&quot;:&quot;\\\/wp-admin\\\/admin.php?page=wp-google-maps-menu&amp;amp;action=edit&amp;amp;map_id=1&quot;,&quot;wpgmza_id&quot;:&quot;1&quot;,&quot;wpgmza_start_location&quot;:&quot;44.90032406506371,4.569260994886419&quot;,&quot;wpgmza_start_zoom&quot;:&quot;16&quot;,&quot;wpgmza_map_align&quot;:&quot;1&quot;,&quot;store_locator_enabled&quot;:false,&quot;store_locator_distance&quot;:false,&quot;store_locator_search_area&quot;:&quot;radial&quot;,&quot;wpgmza_store_locator_default_radius&quot;:&quot;10&quot;,&quot;store_locator_auto_area_max_zoom&quot;:&quot;&quot;,&quot;wpgmza_store_locator_radius_style&quot;:&quot;legacy&quot;,&quot;store_locator_component_anchor&quot;:&quot;0&quot;,&quot;store_locator_button_style&quot;:&quot;&quot;,&quot;wpgmza_store_locator_bounce&quot;:false,&quot;wpgmza_sl_animation&quot;:null,&quot;store_locator_query_string&quot;:&quot;&quot;,&quot;store_locator_location_placeholder&quot;:&quot;&quot;,&quot;store_locator_default_address&quot;:&quot;&quot;,&quot;store_locator_name_search&quot;:false,&quot;store_locator_name_string&quot;:&quot;&quot;,&quot;store_locator_not_found_message&quot;:&quot;&quot;,&quot;store_locator_show_distance&quot;:false,&quot;store_locator_category&quot;:false,&quot;wpgmza_store_locator_use_their_location&quot;:false,&quot;wpgmza_store_locator_hide_before_search&quot;:false,&quot;store_locator_nearby_searches&quot;:false,&quot;wpgmza_theme_data&quot;:&quot;&quot;,&quot;custom_tile_enabled&quot;:false,&quot;custom_tile_image&quot;:&quot;&quot;,&quot;custom_tile_image_width&quot;:&quot;&quot;,&quot;custom_tile_image_height&quot;:&quot;&quot;,&quot;custom_tile_image_attribution&quot;:&quot;&quot;,&quot;iw_anchor_panel_card&quot;:null,&quot;iw_primary_color&quot;:&quot;#000000&quot;,&quot;iw_accent_color&quot;:&quot;#000000&quot;,&quot;iw_text_color&quot;:&quot;#000000&quot;,&quot;close_infowindow_on_map_click&quot;:false,&quot;marker_share_links&quot;:false,&quot;wpgmza_listmarkers_by&quot;:&quot;0&quot;,&quot;marker_listing_component_anchor&quot;:null,&quot;marker_listing_component_auto_open&quot;:false,&quot;marker_listing_nudge_marker_center&quot;:false,&quot;marker_listing_nudge_x&quot;:&quot;&quot;,&quot;marker_listing_nudge_y&quot;:&quot;&quot;,&quot;category_filter_component_anchor&quot;:null,&quot;category_filter_label_string&quot;:&quot;&quot;,&quot;zoom_level_on_marker_listing_override&quot;:false,&quot;zoom_level_on_marker_listing_click&quot;:&quot;&quot;,&quot;marker_listing_disable_zoom&quot;:false,&quot;dataTable_pagination_style&quot;:null,&quot;datatable_no_result_message&quot;:&quot;&quot;,&quot;remove_search_box_datables&quot;:false,&quot;datatable_search_string&quot;:&quot;&quot;,&quot;datatable_result_start&quot;:&quot;&quot;,&quot;datatable_result_of&quot;:&quot;&quot;,&quot;datatable_result_to&quot;:&quot;&quot;,&quot;datatable_result_total&quot;:&quot;&quot;,&quot;datatable_result_show&quot;:&quot;&quot;,&quot;datatable_result_entries&quot;:&quot;&quot;,&quot;category_legends_enabled&quot;:false,&quot;category_legends_component_anchor&quot;:null,&quot;category_legends_style&quot;:null,&quot;category_legends_label_string&quot;:&quot;&quot;,&quot;jump_to_nearest_marker_on_initialization&quot;:false,&quot;click_open_link&quot;:false,&quot;wpgmza_zoom_on_marker_click&quot;:false,&quot;wpgmza_zoom_on_marker_click_slider&quot;:&quot;&quot;,&quot;enable_marker_labels&quot;:false,&quot;polygon_labels&quot;:false,&quot;disable_polygon_info_windows&quot;:false,&quot;shape_filtering&quot;:false,&quot;fit_maps_bounds_to_markers&quot;:false,&quot;fit_maps_bounds_to_markers_after_filtering&quot;:false,&quot;restrict_map_bounds&quot;:false,&quot;restrict_boundary_corner_a&quot;:&quot;&quot;,&quot;restrict_boundary_corner_b&quot;:&quot;&quot;,&quot;automatically_pan_to_users_location&quot;:false,&quot;enable_user_location_control&quot;:false,&quot;override_users_location_zoom_level&quot;:false,&quot;override_users_location_zoom_levels&quot;:&quot;&quot;,&quot;show_distance_from_location&quot;:false,&quot;map_starts_in_streetview&quot;:false,&quot;map_starts_in_streetview_location&quot;:&quot;&quot;,&quot;map_starts_in_streetview_heading&quot;:&quot;&quot;,&quot;map_starts_in_streetview_pitch&quot;:&quot;&quot;,&quot;map_max_zoom&quot;:&quot;21&quot;,&quot;map_min_zoom&quot;:&quot;0&quot;,&quot;hide_point_of_interest&quot;:false,&quot;disable_lightbox_images&quot;:false,&quot;use_Raw_Jpeg_Coordinates&quot;:false,&quot;enable_marker_ratings&quot;:false,&quot;enable_map_reset_control&quot;:false,&quot;zoom_level_mobile_override_enabled&quot;:false,&quot;zoom_level_mobile_override&quot;:&quot;&quot;,&quot;map_dimensions_mobile_override_enabled&quot;:false,&quot;map_mobile_width&quot;:&quot;100&quot;,&quot;map_mobile_width_type&quot;:&quot;%&quot;,&quot;map_mobile_height&quot;:&quot;200&quot;,&quot;map_mobile_height_type&quot;:&quot;px&quot;,&quot;lazyload_info_window_content&quot;:false,&quot;only_load_markers_within_viewport&quot;:false,&quot;wpgmza_leaflet_tile_filter&quot;:&quot;none&quot;,&quot;id&quot;:1}\" ><\/div>\n","protected":false},"excerpt":{"rendered":"<p>Tarifs Le tarif est de 85 euros par nuit\u00e9e. Nous demandons en p\u00e9riode de vacances scolaires des p\u00e9riodes de r\u00e9servation de 6 nuit\u00e9es minimum, 2 nuit\u00e9es minimum dans le reste de l\u2019ann\u00e9e. Pour tout s\u00e9jour, 65 euros pour le m\u00e9nage vous seront demand\u00e9s. Nous demandons 30% \u00e0 la r\u00e9servation et le reste 3 semaines avant [&hellip;]<\/p>\n","protected":false},"author":1,"featured_media":0,"parent":0,"menu_order":0,"comment_status":"closed","ping_status":"open","template":"","meta":{"footnotes":""},"class_list":["post-2","page","type-page","status-publish","hentry"],"_links":{"self":[{"href":"https:\/\/gitelarosedesiree.com\/index.php\/wp-json\/wp\/v2\/pages\/2","targetHints":{"allow":["GET"]}}],"collection":[{"href":"https:\/\/gitelarosedesiree.com\/index.php\/wp-json\/wp\/v2\/pages"}],"about":[{"href":"https:\/\/gitelarosedesiree.com\/index.php\/wp-json\/wp\/v2\/types\/page"}],"author":[{"embeddable":true,"href":"https:\/\/gitelarosedesiree.com\/index.php\/wp-json\/wp\/v2\/users\/1"}],"replies":[{"embeddable":true,"href":"https:\/\/gitelarosedesiree.com\/index.php\/wp-json\/wp\/v2\/comments?post=2"}],"version-history":[{"count":8,"href":"https:\/\/gitelarosedesiree.com\/index.php\/wp-json\/wp\/v2\/pages\/2\/revisions"}],"predecessor-version":[{"id":283,"href":"https:\/\/gitelarosedesiree.com\/index.php\/wp-json\/wp\/v2\/pages\/2\/revisions\/283"}],"wp:attachment":[{"href":"https:\/\/gitelarosedesiree.com\/index.php\/wp-json\/wp\/v2\/media?parent=2"}],"curies":[{"name":"wp","href":"https:\/\/api.w.org\/{rel}","templated":true}]}}